

{"id":22791,"date":"2024-02-21T12:47:23","date_gmt":"2024-02-21T11:47:23","guid":{"rendered":"https:\/\/pasiona.com\/models-of-collaboration\/"},"modified":"2025-03-18T10:30:54","modified_gmt":"2025-03-18T09:30:54","slug":"models-of-collaboration","status":"publish","type":"page","link":"https:\/\/pasiona.com\/en\/models-of-collaboration\/","title":{"rendered":"Models of collaboration"},"content":{"rendered":"","protected":false},"excerpt":{"rendered":"","protected":false},"author":24,"featured_media":22240,"parent":0,"menu_order":0,"comment_status":"closed","ping_status":"closed","template":"modelos-template.php","meta":{"_acf_changed":false,"inline_featured_image":false,"footnotes":""},"class_list":["post-22791","page","type-page","status-publish","has-post-thumbnail","hentry"],"acf":[],"yoast_head":"<!-- This site is optimized with the Yoast SEO plugin v25.5 - https:\/\/yoast.com\/wordpress\/plugins\/seo\/ -->\n<title>Partnership models - Pasiona Consulting Pasiona Consulting<\/title>\n<meta name=\"description\" content=\"Discover how our team of 175 highly qualified professionals, with more than 15 years of experience, can empower your business.\" \/>\n<meta name=\"robots\" content=\"index, follow, max-snippet:-1, max-image-preview:large, max-video-preview:-1\" \/>\n<link rel=\"canonical\" href=\"https:\/\/pasiona.com\/en\/models-of-collaboration\/\" \/>\n<meta property=\"og:locale\" content=\"en_US\" \/>\n<meta property=\"og:type\" content=\"article\" \/>\n<meta property=\"og:title\" content=\"Models of collaboration - Pasiona\" \/>\n<meta property=\"og:description\" content=\"Discover how our team of 175 highly qualified professionals, with more than 15 years of experience, can empower your business.\" \/>\n<meta property=\"og:url\" content=\"https:\/\/pasiona.com\/en\/models-of-collaboration\/\" \/>\n<meta property=\"og:site_name\" content=\"Pasiona Consulting\" \/>\n<meta property=\"article:publisher\" content=\"http:\/\/facebook.com\/pasionaconsulting\" \/>\n<meta property=\"article:modified_time\" content=\"2025-03-18T09:30:54+00:00\" \/>\n<meta property=\"og:image\" content=\"https:\/\/pasiona.com\/wp-content\/uploads\/2024\/03\/Modelos-de-colaboracion-1024x535.png\" \/>\n<meta name=\"twitter:card\" content=\"summary_large_image\" \/>\n<meta name=\"twitter:title\" content=\"Models of collaboration - Pasiona\" \/>\n<meta name=\"twitter:description\" content=\"Discover how our team of 175 highly qualified professionals, with more than 15 years of experience, can empower your business.\" \/>\n<meta name=\"twitter:image\" content=\"https:\/\/pasiona.com\/wp-content\/uploads\/2024\/03\/Modelos-de-colaboracion-1024x535.png\" \/>\n<meta name=\"twitter:site\" content=\"@pasiona\" \/>\n<meta name=\"twitter:label1\" content=\"Est. reading time\" \/>\n\t<meta name=\"twitter:data1\" content=\"2 minutes\" \/>\n<script type=\"application\/ld+json\" class=\"yoast-schema-graph\">{\"@context\":\"https:\/\/schema.org\",\"@graph\":[{\"@type\":\"WebPage\",\"@id\":\"https:\/\/pasiona.com\/en\/models-of-collaboration\/\",\"url\":\"https:\/\/pasiona.com\/en\/models-of-collaboration\/\",\"name\":\"Partnership models - Pasiona Consulting Pasiona Consulting\",\"isPartOf\":{\"@id\":\"https:\/\/pasiona.com\/en\/#website\"},\"primaryImageOfPage\":{\"@id\":\"https:\/\/pasiona.com\/en\/models-of-collaboration\/#primaryimage\"},\"image\":{\"@id\":\"https:\/\/pasiona.com\/en\/models-of-collaboration\/#primaryimage\"},\"thumbnailUrl\":\"https:\/\/pasiona.com\/wp-content\/uploads\/2024\/03\/Modelos_de_colaboracion.png\",\"datePublished\":\"2024-02-21T11:47:23+00:00\",\"dateModified\":\"2025-03-18T09:30:54+00:00\",\"description\":\"Discover how our team of 175 highly qualified professionals, with more than 15 years of experience, can empower your business.\",\"breadcrumb\":{\"@id\":\"https:\/\/pasiona.com\/en\/models-of-collaboration\/#breadcrumb\"},\"inLanguage\":\"en-US\",\"potentialAction\":[{\"@type\":\"ReadAction\",\"target\":[\"https:\/\/pasiona.com\/en\/models-of-collaboration\/\"]}]},{\"@type\":\"ImageObject\",\"inLanguage\":\"en-US\",\"@id\":\"https:\/\/pasiona.com\/en\/models-of-collaboration\/#primaryimage\",\"url\":\"https:\/\/pasiona.com\/wp-content\/uploads\/2024\/03\/Modelos_de_colaboracion.png\",\"contentUrl\":\"https:\/\/pasiona.com\/wp-content\/uploads\/2024\/03\/Modelos_de_colaboracion.png\",\"width\":1200,\"height\":627,\"caption\":\"Descubre c\u00f3mo nuestro equipo de 175 profesionales altamente cualificados, con m\u00e1s de 15 a\u00f1os de experiencia, puede potenciar tu empresa.\"},{\"@type\":\"BreadcrumbList\",\"@id\":\"https:\/\/pasiona.com\/en\/models-of-collaboration\/#breadcrumb\",\"itemListElement\":[{\"@type\":\"ListItem\",\"position\":1,\"name\":\"Portada\",\"item\":\"https:\/\/pasiona.com\/en\/\"},{\"@type\":\"ListItem\",\"position\":2,\"name\":\"Models of collaboration\"}]},{\"@type\":\"WebSite\",\"@id\":\"https:\/\/pasiona.com\/en\/#website\",\"url\":\"https:\/\/pasiona.com\/en\/\",\"name\":\"Pasiona Consulting\",\"description\":\"More than software developers\",\"publisher\":{\"@id\":\"https:\/\/pasiona.com\/en\/#organization\"},\"potentialAction\":[{\"@type\":\"SearchAction\",\"target\":{\"@type\":\"EntryPoint\",\"urlTemplate\":\"https:\/\/pasiona.com\/en\/?s={search_term_string}\"},\"query-input\":{\"@type\":\"PropertyValueSpecification\",\"valueRequired\":true,\"valueName\":\"search_term_string\"}}],\"inLanguage\":\"en-US\"},{\"@type\":\"Organization\",\"@id\":\"https:\/\/pasiona.com\/en\/#organization\",\"name\":\"Pasiona Consulting S.L.\",\"url\":\"https:\/\/pasiona.com\/en\/\",\"logo\":{\"@type\":\"ImageObject\",\"inLanguage\":\"en-US\",\"@id\":\"https:\/\/pasiona.com\/en\/#\/schema\/logo\/image\/\",\"url\":\"https:\/\/pasiona.com\/wp-content\/uploads\/2021\/09\/logo-pasiona.jpg\",\"contentUrl\":\"https:\/\/pasiona.com\/wp-content\/uploads\/2021\/09\/logo-pasiona.jpg\",\"width\":222,\"height\":222,\"caption\":\"Pasiona Consulting S.L.\"},\"image\":{\"@id\":\"https:\/\/pasiona.com\/en\/#\/schema\/logo\/image\/\"},\"sameAs\":[\"http:\/\/facebook.com\/pasionaconsulting\",\"https:\/\/x.com\/pasiona\",\"https:\/\/instagram.com\/pasionaoficial\/\",\"http:\/\/linkedin.com\/company\/pasiona\",\"https:\/\/www.youtube.com\/channel\/UCRFa0pCASxf0gJSSDwa5VzA\"]}]}<\/script>\n<!-- \/ Yoast SEO plugin. -->","yoast_head_json":{"title":"Partnership models - Pasiona Consulting Pasiona Consulting","description":"Discover how our team of 175 highly qualified professionals, with more than 15 years of experience, can empower your business.","robots":{"index":"index","follow":"follow","max-snippet":"max-snippet:-1","max-image-preview":"max-image-preview:large","max-video-preview":"max-video-preview:-1"},"canonical":"https:\/\/pasiona.com\/en\/models-of-collaboration\/","og_locale":"en_US","og_type":"article","og_title":"Models of collaboration - Pasiona","og_description":"Discover how our team of 175 highly qualified professionals, with more than 15 years of experience, can empower your business.","og_url":"https:\/\/pasiona.com\/en\/models-of-collaboration\/","og_site_name":"Pasiona Consulting","article_publisher":"http:\/\/facebook.com\/pasionaconsulting","article_modified_time":"2025-03-18T09:30:54+00:00","og_image":[{"url":"https:\/\/pasiona.com\/wp-content\/uploads\/2024\/03\/Modelos-de-colaboracion-1024x535.png","type":"","width":"","height":""}],"twitter_card":"summary_large_image","twitter_title":"Models of collaboration - Pasiona","twitter_description":"Discover how our team of 175 highly qualified professionals, with more than 15 years of experience, can empower your business.","twitter_image":"https:\/\/pasiona.com\/wp-content\/uploads\/2024\/03\/Modelos-de-colaboracion-1024x535.png","twitter_site":"@pasiona","twitter_misc":{"Est. reading time":"2 minutes"},"schema":{"@context":"https:\/\/schema.org","@graph":[{"@type":"WebPage","@id":"https:\/\/pasiona.com\/en\/models-of-collaboration\/","url":"https:\/\/pasiona.com\/en\/models-of-collaboration\/","name":"Partnership models - Pasiona Consulting Pasiona Consulting","isPartOf":{"@id":"https:\/\/pasiona.com\/en\/#website"},"primaryImageOfPage":{"@id":"https:\/\/pasiona.com\/en\/models-of-collaboration\/#primaryimage"},"image":{"@id":"https:\/\/pasiona.com\/en\/models-of-collaboration\/#primaryimage"},"thumbnailUrl":"https:\/\/pasiona.com\/wp-content\/uploads\/2024\/03\/Modelos_de_colaboracion.png","datePublished":"2024-02-21T11:47:23+00:00","dateModified":"2025-03-18T09:30:54+00:00","description":"Discover how our team of 175 highly qualified professionals, with more than 15 years of experience, can empower your business.","breadcrumb":{"@id":"https:\/\/pasiona.com\/en\/models-of-collaboration\/#breadcrumb"},"inLanguage":"en-US","potentialAction":[{"@type":"ReadAction","target":["https:\/\/pasiona.com\/en\/models-of-collaboration\/"]}]},{"@type":"ImageObject","inLanguage":"en-US","@id":"https:\/\/pasiona.com\/en\/models-of-collaboration\/#primaryimage","url":"https:\/\/pasiona.com\/wp-content\/uploads\/2024\/03\/Modelos_de_colaboracion.png","contentUrl":"https:\/\/pasiona.com\/wp-content\/uploads\/2024\/03\/Modelos_de_colaboracion.png","width":1200,"height":627,"caption":"Descubre c\u00f3mo nuestro equipo de 175 profesionales altamente cualificados, con m\u00e1s de 15 a\u00f1os de experiencia, puede potenciar tu empresa."},{"@type":"BreadcrumbList","@id":"https:\/\/pasiona.com\/en\/models-of-collaboration\/#breadcrumb","itemListElement":[{"@type":"ListItem","position":1,"name":"Portada","item":"https:\/\/pasiona.com\/en\/"},{"@type":"ListItem","position":2,"name":"Models of collaboration"}]},{"@type":"WebSite","@id":"https:\/\/pasiona.com\/en\/#website","url":"https:\/\/pasiona.com\/en\/","name":"Pasiona Consulting","description":"More than software developers","publisher":{"@id":"https:\/\/pasiona.com\/en\/#organization"},"potentialAction":[{"@type":"SearchAction","target":{"@type":"EntryPoint","urlTemplate":"https:\/\/pasiona.com\/en\/?s={search_term_string}"},"query-input":{"@type":"PropertyValueSpecification","valueRequired":true,"valueName":"search_term_string"}}],"inLanguage":"en-US"},{"@type":"Organization","@id":"https:\/\/pasiona.com\/en\/#organization","name":"Pasiona Consulting S.L.","url":"https:\/\/pasiona.com\/en\/","logo":{"@type":"ImageObject","inLanguage":"en-US","@id":"https:\/\/pasiona.com\/en\/#\/schema\/logo\/image\/","url":"https:\/\/pasiona.com\/wp-content\/uploads\/2021\/09\/logo-pasiona.jpg","contentUrl":"https:\/\/pasiona.com\/wp-content\/uploads\/2021\/09\/logo-pasiona.jpg","width":222,"height":222,"caption":"Pasiona Consulting S.L."},"image":{"@id":"https:\/\/pasiona.com\/en\/#\/schema\/logo\/image\/"},"sameAs":["http:\/\/facebook.com\/pasionaconsulting","https:\/\/x.com\/pasiona","https:\/\/instagram.com\/pasionaoficial\/","http:\/\/linkedin.com\/company\/pasiona","https:\/\/www.youtube.com\/channel\/UCRFa0pCASxf0gJSSDwa5VzA"]}]}},"_links":{"self":[{"href":"https:\/\/pasiona.com\/en\/wp-json\/wp\/v2\/pages\/22791","targetHints":{"allow":["GET"]}}],"collection":[{"href":"https:\/\/pasiona.com\/en\/wp-json\/wp\/v2\/pages"}],"about":[{"href":"https:\/\/pasiona.com\/en\/wp-json\/wp\/v2\/types\/page"}],"author":[{"embeddable":true,"href":"https:\/\/pasiona.com\/en\/wp-json\/wp\/v2\/users\/24"}],"replies":[{"embeddable":true,"href":"https:\/\/pasiona.com\/en\/wp-json\/wp\/v2\/comments?post=22791"}],"version-history":[{"count":2,"href":"https:\/\/pasiona.com\/en\/wp-json\/wp\/v2\/pages\/22791\/revisions"}],"predecessor-version":[{"id":23834,"href":"https:\/\/pasiona.com\/en\/wp-json\/wp\/v2\/pages\/22791\/revisions\/23834"}],"wp:featuredmedia":[{"embeddable":true,"href":"https:\/\/pasiona.com\/en\/wp-json\/wp\/v2\/media\/22240"}],"wp:attachment":[{"href":"https:\/\/pasiona.com\/en\/wp-json\/wp\/v2\/media?parent=22791"}],"curies":[{"name":"wp","href":"https:\/\/api.w.org\/{rel}","templated":true}]}}